{"id":850,"date":"2019-09-02T13:05:48","date_gmt":"2019-09-02T11:05:48","guid":{"rendered":"https:\/\/www.trans.eu\/api\/?page_id=850"},"modified":"2025-05-21T12:54:36","modified_gmt":"2025-05-21T10:54:36","slug":"register-your-app","status":"publish","type":"page","link":"https:\/\/www.trans.eu\/api\/register-your-app\/","title":{"rendered":"Register your app"},"content":{"rendered":"<div class=\"wpforms-container wpforms-container-full\" id=\"wpforms-1348\"><form id=\"wpforms-form-1348\" class=\"wpforms-validate wpforms-form\" data-formid=\"1348\" method=\"post\" enctype=\"multipart\/form-data\" action=\"\/api\/wp-json\/wp\/v2\/pages\/850\" data-token=\"5eadbf8905cf100c93fd3880bc91f206\" data-token-time=\"1776744374\"><noscript class=\"wpforms-error-noscript\">Aby wype\u0142ni\u0107 ten for\u00admu\u00adla\u00adrz, w\u0142\u0105cz obs\u0142ug\u0119 JavaScript w przegl\u0105\u00addarce.<\/noscript><div class=\"wpforms-field-container\"><div id=\"wpforms-1348-field_16-container\" class=\"wpforms-field wpforms-field-select wpforms-field-select-style-modern\" data-field-id=\"16\"><label class=\"wpforms-field-label\" for=\"wpforms-1348-field_16\">What kind of inte\u00adgra\u00adtion will you imple\u00adment? <span class=\"wpforms-required-label\">*<\/span><\/label><select id=\"wpforms-1348-field_16\" class=\"wpforms-field-medium wpforms-field-required choicesjs-select\" data-size-class=\"wpforms-field-row wpforms-field-medium\" data-search-enabled name=\"wpforms[fields][16]\" required=\"required\"><option value class=\"placeholder\" disabled selected=\"selected\">Select One<\/option><option value=\"A company with an account on trans.eu performs integrations on its own\" class=\"choice-2 depth-1\">A company with an account on trans.eu performs integrations on its own<\/option><option value=\"A company that integrates several transport exchanges.\" class=\"choice-4 depth-1\">A company that integrates several transport exchanges.<\/option><option value=\"TMS (Transportation Management System) - the solution will be made available to customers with an account on Trans.eu\" class=\"choice-3 depth-1\">TMS (Transportation Management System) - the solution will be made available to customers with an account on Trans.eu<\/option><\/select><div class=\"wpforms-field-description\">Note: what you select above will result in a dif\u00adfer\u00adent type of coop\u00ader\u00ada\u00adtion with Trans.eu<\/div><\/div><div id=\"wpforms-1348-field_3-container\" class=\"wpforms-field wpforms-field-name\" data-field-id=\"3\"><label class=\"wpforms-field-label\">Your Name <span class=\"wpforms-required-label\">*<\/span><\/label><div class=\"wpforms-field-row wpforms-field-medium\"><div class=\"wpforms-field-row-block wpforms-first wpforms-one-half\"><input type=\"text\" id=\"wpforms-1348-field_3\" class=\"wpforms-field-name-first wpforms-field-required\" name=\"wpforms[fields][3][first]\" required><label for=\"wpforms-1348-field_3\" class=\"wpforms-field-sublabel after\">Pier\u00adwszy<\/label><\/div><div class=\"wpforms-field-row-block wpforms-one-half\"><input type=\"text\" id=\"wpforms-1348-field_3-last\" class=\"wpforms-field-name-last wpforms-field-required\" name=\"wpforms[fields][3][last]\" required><label for=\"wpforms-1348-field_3-last\" class=\"wpforms-field-sublabel after\">Ostat\u00adni<\/label><\/div><\/div><\/div><div id=\"wpforms-1348-field_2-container\" class=\"wpforms-field wpforms-field-text\" data-field-id=\"2\"><label class=\"wpforms-field-label\" for=\"wpforms-1348-field_2\">Your Com\u00adpa\u00adny name <span class=\"wpforms-required-label\">*<\/span><\/label><input type=\"text\" id=\"wpforms-1348-field_2\" class=\"wpforms-field-medium wpforms-field-required\" name=\"wpforms[fields][2]\" required><\/div><div id=\"wpforms-1348-field_4-container\" class=\"wpforms-field wpforms-field-email\" data-field-id=\"4\"><label class=\"wpforms-field-label\" for=\"wpforms-1348-field_4\">Email <span class=\"wpforms-required-label\">*<\/span><\/label><input type=\"email\" id=\"wpforms-1348-field_4\" class=\"wpforms-field-medium wpforms-field-required\" name=\"wpforms[fields][4]\" spellcheck=\"false\" required><\/div><div id=\"wpforms-1348-field_7-container\" class=\"wpforms-field wpforms-field-text\" data-field-id=\"7\"><label class=\"wpforms-field-label\" for=\"wpforms-1348-field_7\">Phone num\u00adber <span class=\"wpforms-required-label\">*<\/span><\/label><input type=\"text\" id=\"wpforms-1348-field_7\" class=\"wpforms-field-medium wpforms-field-required\" name=\"wpforms[fields][7]\" required><\/div><div id=\"wpforms-1348-field_5-container\" class=\"wpforms-field wpforms-field-text\" data-field-id=\"5\"><label class=\"wpforms-field-label\" for=\"wpforms-1348-field_5\">Tran\u00adsId.  <span class=\"wpforms-required-label\">*<\/span><\/label><input type=\"text\" id=\"wpforms-1348-field_5\" class=\"wpforms-field-medium wpforms-field-required\" name=\"wpforms[fields][5]\" placeholder=\"Read the information below\" required><div class=\"wpforms-field-description\">If you do not have an account, reg\u00adis\u00adter at https:\/\/register.trans.eu\/?lang=en<\/div><\/div><div id=\"wpforms-1348-field_12-container\" class=\"wpforms-field wpforms-field-text\" data-field-id=\"12\"><label class=\"wpforms-field-label\" for=\"wpforms-1348-field_12\">Appli\u00adca\u00adtion name <span class=\"wpforms-required-label\">*<\/span><\/label><input type=\"text\" id=\"wpforms-1348-field_12\" class=\"wpforms-field-medium wpforms-field-required\" name=\"wpforms[fields][12]\" required><\/div><div id=\"wpforms-1348-field_14-container\" class=\"wpforms-field wpforms-field-text\" data-field-id=\"14\"><label class=\"wpforms-field-label\" for=\"wpforms-1348-field_14\">Autho\u00adriza\u00adtion redirect_uri (HTTPS only) <span class=\"wpforms-required-label\">*<\/span><\/label><input type=\"text\" id=\"wpforms-1348-field_14\" class=\"wpforms-field-medium wpforms-field-required\" name=\"wpforms[fields][14]\" placeholder=\"HTTPS:\/\/\" required><div class=\"wpforms-field-description\"><strong>\u201cRedirect_uri\u201d is the pub\u00adlic address of your appli\u00adca\u00adtion that will exchange send\u00aded <i>code<\/i> once for a <i>token<\/i> used for autho\u00adriza\u00adtion.<\/strong> Lat\u00ader, the token should be refreshed using the method described in the doc\u00adu\u00admen\u00adta\u00adtion <a href=\"https:\/\/www.trans.eu\/api\/general-information\/authorization\/refreshing-access-token\/\">Refresh\u00ading access token<\/a><br>\nRedirect_uri is also described in the doc\u00adu\u00admen\u00adta\u00adtion: <a href=\"https:\/\/www.trans.eu\/api\/general-information\/authorization\/authorize-using-jwt\/\">Autho\u00adrize using JWT<\/a> sec\u00adtion \u201cAutho\u00adriza\u00adtion response\u201d\n<hr>\nAddi\u00adtion\u00adal doc\u00adu\u00admen\u00adta\u00adtion: \n<a href=\"https:\/\/www.trans.eu\/api\/general-information\/authorization\/authorization-flow\/\">Autho\u00adriza\u00adtion Flow<\/a><\/div><\/div><div id=\"wpforms-1348-field_6-container\" class=\"wpforms-field wpforms-field-textarea\" data-field-id=\"6\"><label class=\"wpforms-field-label\" for=\"wpforms-1348-field_6\">App descrip\u00adtion and main pur\u00adpose of inte\u00adgra\u00adtion.  <span class=\"wpforms-required-label\">*<\/span><\/label><textarea id=\"wpforms-1348-field_6\" class=\"wpforms-field-medium wpforms-field-required\" name=\"wpforms[fields][6]\" placeholder=\"Read the description below:\" required><\/textarea><div class=\"wpforms-field-description\">Addi\u00adtion\u00adal\u00adly, describe: <br>\n\u2014 If you are a devel\u00adop\u00ader, write for which com\u00adpa\u00adny you do inte\u00adgra\u00adtions <br>\n\u2014 If you are a TMS, write how many cus\u00adtomers are inter\u00adest\u00aded in your solu\u00adtion.<br>\n<\/div><\/div><div id=\"wpforms-1348-field_13-container\" class=\"wpforms-field wpforms-field-checkbox\" data-field-id=\"13\"><label class=\"wpforms-field-label\">Scope of inte\u00adgra\u00adtion <span class=\"wpforms-required-label\">*<\/span><\/label><ul id=\"wpforms-1348-field_13\" class=\"wpforms-field-required\"><li class=\"choice-1 depth-1\"><input type=\"checkbox\" id=\"wpforms-1348-field_13_1\" name=\"wpforms[fields][13][]\" value=\"Freights\" required><label class=\"wpforms-field-label-inline\" for=\"wpforms-1348-field_13_1\">Freights<\/label><\/li><li class=\"choice-3 depth-1\"><input type=\"checkbox\" id=\"wpforms-1348-field_13_3\" name=\"wpforms[fields][13][]\" value=\"Monitoring and location\" required><label class=\"wpforms-field-label-inline\" for=\"wpforms-1348-field_13_3\">Mon\u00adi\u00adtor\u00ading and loca\u00adtion<\/label><\/li><li class=\"choice-6 depth-1\"><input type=\"checkbox\" id=\"wpforms-1348-field_13_6\" name=\"wpforms[fields][13][]\" value=\"Transport orders\" required><label class=\"wpforms-field-label-inline\" for=\"wpforms-1348-field_13_6\">Trans\u00adport orders<\/label><\/li><li class=\"choice-4 depth-1\"><input type=\"checkbox\" id=\"wpforms-1348-field_13_4\" name=\"wpforms[fields][13][]\" value=\"Vehicle exchange\" required><label class=\"wpforms-field-label-inline\" for=\"wpforms-1348-field_13_4\">Vehi\u00adcle exchange<\/label><\/li><li class=\"choice-5 depth-1\"><input type=\"checkbox\" id=\"wpforms-1348-field_13_5\" name=\"wpforms[fields][13][]\" value=\"Unknown\" required><label class=\"wpforms-field-label-inline\" for=\"wpforms-1348-field_13_5\">Unknown<\/label><\/li><\/ul><\/div><\/div><!-- .wpforms-field-container --><div class=\"wpforms-field wpforms-field-hp\"><label for=\"wpforms-1348-field-hp\" class=\"wpforms-field-label\">Mes\u00adsage<\/label><input type=\"text\" name=\"wpforms[hp]\" id=\"wpforms-1348-field-hp\" class=\"wpforms-field-medium\"><\/div><div class=\"wpforms-submit-container\"><input type=\"hidden\" name=\"wpforms[id]\" value=\"1348\"><input type=\"hidden\" name=\"page_title\" value><input type=\"hidden\" name=\"page_url\" value=\"https:\/\/www.trans.eu\/api\/wp-json\/wp\/v2\/pages\/850\"><input type=\"hidden\" name=\"url_referer\" value><button type=\"submit\" name=\"wpforms[submit]\" id=\"wpforms-submit-1348\" class=\"wpforms-submit\" data-alt-text=\"Sending...\" data-submit-text=\"Submit\" aria-live=\"assertive\" value=\"wpforms-submit\">Submit<\/button><\/div><\/form><\/div>  <!-- .wpforms-container -->\n\n\n\n<p class=\"has-small-font-size\">By click\u00ading \u201cSub\u00admit\u201d but\u00adton, you accept Trans.eu <a href=\"https:\/\/www.trans.eu\/api\/regulations\/\" target=\"_blank\" rel=\"noopener\" title=\"API Regulations\">API Reg\u00adu\u00adla\u00adtions <\/a>&amp; <a href=\"https:\/\/www.trans.eu\/en\/privacy-policy\/\" target=\"_blank\" rel=\"noopener\" title=\"Privacy Policy\">Pri\u00adva\u00adcy Pol\u00adi\u00adcy<\/a> and agree for pro\u00adcess\u00ading your per\u00adson\u00adal data for mar\u00adket\u00ading and com\u00admer\u00adcial pur\u00adpos\u00ades, also for receiv\u00ading com\u00admer\u00adcial infor\u00adma\u00adtion.<\/p>\n\n\n\n<p><\/p>\n","protected":false},"excerpt":{"rendered":"<p class=\"dont-break-out\">By click\u00ading \u201cSub\u00admit\u201d but\u00adton, you accept Trans.eu API Reg\u00adu\u00adla\u00adtions &amp; Pri\u00adva\u00adcy Pol\u00adi\u00adcy and agree for pro\u00adcess\u00ading your per\u00adson\u00adal data for \u2026<\/p>\n","protected":false},"author":1,"featured_media":0,"parent":0,"menu_order":0,"comment_status":"closed","ping_status":"closed","template":"","meta":{"_acf_changed":false,"wp_typography_post_enhancements_disabled":false,"footnotes":""},"class_list":["post-850","page","type-page","status-publish","hentry"],"acf":[],"aioseo_notices":[],"lang":"en","translations":{"en":850},"pll_sync_post":[],"_links":{"self":[{"href":"https:\/\/www.trans.eu\/api\/wp-json\/wp\/v2\/pages\/850","targetHints":{"allow":["GET"]}}],"collection":[{"href":"https:\/\/www.trans.eu\/api\/wp-json\/wp\/v2\/pages"}],"about":[{"href":"https:\/\/www.trans.eu\/api\/wp-json\/wp\/v2\/types\/page"}],"author":[{"embeddable":true,"href":"https:\/\/www.trans.eu\/api\/wp-json\/wp\/v2\/users\/1"}],"replies":[{"embeddable":true,"href":"https:\/\/www.trans.eu\/api\/wp-json\/wp\/v2\/comments?post=850"}],"version-history":[{"count":6,"href":"https:\/\/www.trans.eu\/api\/wp-json\/wp\/v2\/pages\/850\/revisions"}],"predecessor-version":[{"id":5088,"href":"https:\/\/www.trans.eu\/api\/wp-json\/wp\/v2\/pages\/850\/revisions\/5088"}],"wp:attachment":[{"href":"https:\/\/www.trans.eu\/api\/wp-json\/wp\/v2\/media?parent=850"}],"curies":[{"name":"wp","href":"https:\/\/api.w.org\/{rel}","templated":true}]}}