{"id":4994,"date":"2024-12-04T11:29:32","date_gmt":"2024-12-04T10:29:32","guid":{"rendered":"https:\/\/www.trans.eu\/api\/?page_id=4994"},"modified":"2025-05-21T12:56:31","modified_gmt":"2025-05-21T10:56:31","slug":"register-officeid","status":"publish","type":"page","link":"https:\/\/www.trans.eu\/api\/register-officeid\/","title":{"rendered":"Add Trans ID to existing integration"},"content":{"rendered":"<div class=\"wpforms-container wpforms-container-full wpforms-block wpforms-block-0f4bff48-664d-4deb-a608-950b0ade74d7\" id=\"wpforms-4982\"><form id=\"wpforms-form-4982\" class=\"wpforms-validate wpforms-form\" data-formid=\"4982\" method=\"post\" enctype=\"multipart\/form-data\" action=\"\/api\/wp-json\/wp\/v2\/pages\/4994\" data-token=\"15caec14b3a32532ea72481d0e3156e2\" data-token-time=\"1776744373\"><noscript class=\"wpforms-error-noscript\">Aby wype\u0142ni\u0107 ten for\u00admu\u00adla\u00adrz, w\u0142\u0105cz obs\u0142ug\u0119 JavaScript w przegl\u0105\u00addarce.<\/noscript><div class=\"wpforms-field-container\"><div id=\"wpforms-4982-field_20-container\" class=\"wpforms-field wpforms-field-text\" data-field-id=\"20\"><label class=\"wpforms-field-label\" for=\"wpforms-4982-field_20\">Name and sur\u00adname <span class=\"wpforms-required-label\">*<\/span><\/label><input type=\"text\" id=\"wpforms-4982-field_20\" class=\"wpforms-field-medium wpforms-field-required\" name=\"wpforms[fields][20]\" placeholder=\"Name and surname\" required><\/div><div id=\"wpforms-4982-field_19-container\" class=\"wpforms-field wpforms-field-email\" data-field-id=\"19\"><label class=\"wpforms-field-label\" for=\"wpforms-4982-field_19\">E\u2011mail <span class=\"wpforms-required-label\">*<\/span><\/label><input type=\"email\" id=\"wpforms-4982-field_19\" class=\"wpforms-field-medium wpforms-field-required\" name=\"wpforms[fields][19]\" placeholder=\"Enter your e-mail\" spellcheck=\"false\" required><div class=\"wpforms-field-description\">E\u2011mail address to which you will receive con\u00adfir\u00adma\u00adtion of form sub\u00admis\u00adsion and ques\u00adtions, if any.<\/div><\/div><div id=\"wpforms-4982-field_2-container\" class=\"wpforms-field wpforms-field-text\" data-field-id=\"2\"><label class=\"wpforms-field-label\" for=\"wpforms-4982-field_2\">Your Cli\u00aden\u00adtID <span class=\"wpforms-required-label\">*<\/span><\/label><input type=\"text\" id=\"wpforms-4982-field_2\" class=\"wpforms-field-medium wpforms-field-required\" name=\"wpforms[fields][2]\" placeholder=\"Enter your ClientID\" required><div class=\"wpforms-field-description\">You received your Cli\u00aden\u00adtID by email when you reg\u00adis\u00adtered to the trans.eu API<\/div><\/div><div id=\"wpforms-4982-field_5-container\" class=\"wpforms-field wpforms-field-text\" data-field-id=\"5\"><label class=\"wpforms-field-label\" for=\"wpforms-4982-field_5\">Trans ID of your client <span class=\"wpforms-required-label\">*<\/span><\/label><input type=\"text\" id=\"wpforms-4982-field_5\" class=\"wpforms-field-medium wpforms-field-required\" name=\"wpforms[fields][5]\" placeholder=\"Enter Trans ID, Trans ID if many\" required><\/div><\/div><!-- .wpforms-field-container --><div class=\"wpforms-submit-container\"><input type=\"hidden\" name=\"wpforms[id]\" value=\"4982\"><input type=\"hidden\" name=\"page_title\" value><input type=\"hidden\" name=\"page_url\" value=\"https:\/\/www.trans.eu\/api\/wp-json\/wp\/v2\/pages\/4994\"><input type=\"hidden\" name=\"url_referer\" value><button type=\"submit\" name=\"wpforms[submit]\" id=\"wpforms-submit-4982\" class=\"wpforms-submit\" data-alt-text=\"Sending...\" data-submit-text=\"Submit\" aria-live=\"assertive\" value=\"wpforms-submit\">Submit<\/button><\/div><\/form><\/div>  <!-- .wpforms-container -->\n\n\n<p class=\"has-small-font-size\">By click\u00ading \u201cSub\u00admit\u201d but\u00adton, you accept Trans.eu <a href=\"https:\/\/www.trans.eu\/api\/regulations\/\" target=\"_blank\" rel=\"noopener\" title=\"API Regulations\">API Reg\u00adu\u00adla\u00adtions <\/a>&amp; <a href=\"https:\/\/www.trans.eu\/en\/privacy-policy\/\" target=\"_blank\" rel=\"noopener\" title=\"Privacy Policy\">Pri\u00adva\u00adcy Pol\u00adi\u00adcy<\/a> and agree for pro\u00adcess\u00ading your per\u00adson\u00adal data for mar\u00adket\u00ading and com\u00admer\u00adcial pur\u00adpos\u00ades, also for receiv\u00ading com\u00admer\u00adcial infor\u00adma\u00adtion.<\/p>\n","protected":false},"excerpt":{"rendered":"<p class=\"dont-break-out\">By click\u00ading \u201cSub\u00admit\u201d but\u00adton, you accept Trans.eu API Reg\u00adu\u00adla\u00adtions &amp; Pri\u00adva\u00adcy Pol\u00adi\u00adcy and agree for pro\u00adcess\u00ading your per\u00adson\u00adal data for \u2026<\/p>\n","protected":false},"author":7,"featured_media":0,"parent":0,"menu_order":0,"comment_status":"closed","ping_status":"closed","template":"","meta":{"_acf_changed":false,"wp_typography_post_enhancements_disabled":false,"footnotes":""},"class_list":["post-4994","page","type-page","status-publish","hentry"],"acf":[],"aioseo_notices":[],"lang":"en","translations":{"en":4994},"pll_sync_post":[],"_links":{"self":[{"href":"https:\/\/www.trans.eu\/api\/wp-json\/wp\/v2\/pages\/4994","targetHints":{"allow":["GET"]}}],"collection":[{"href":"https:\/\/www.trans.eu\/api\/wp-json\/wp\/v2\/pages"}],"about":[{"href":"https:\/\/www.trans.eu\/api\/wp-json\/wp\/v2\/types\/page"}],"author":[{"embeddable":true,"href":"https:\/\/www.trans.eu\/api\/wp-json\/wp\/v2\/users\/7"}],"replies":[{"embeddable":true,"href":"https:\/\/www.trans.eu\/api\/wp-json\/wp\/v2\/comments?post=4994"}],"version-history":[{"count":9,"href":"https:\/\/www.trans.eu\/api\/wp-json\/wp\/v2\/pages\/4994\/revisions"}],"predecessor-version":[{"id":5091,"href":"https:\/\/www.trans.eu\/api\/wp-json\/wp\/v2\/pages\/4994\/revisions\/5091"}],"wp:attachment":[{"href":"https:\/\/www.trans.eu\/api\/wp-json\/wp\/v2\/media?parent=4994"}],"curies":[{"name":"wp","href":"https:\/\/api.w.org\/{rel}","templated":true}]}}